{"id":2872,"date":"2020-12-11T13:01:52","date_gmt":"2020-12-11T11:01:52","guid":{"rendered":"https:\/\/forcitexplosives.no\/?post_type=product&#038;p=2872"},"modified":"2026-02-03T13:45:50","modified_gmt":"2026-02-03T11:45:50","slug":"riocord-detonating-cord","status":"publish","type":"product","link":"https:\/\/forcitexplosives.no\/en\/product\/riocord-detonating-cord\/","title":{"rendered":"RIOCORD DETONATING CORD"},"content":{"rendered":"<p><strong>RIOCORD<\/strong> is a flexible pentyl fuse with a core made of an explosive material (PETN). RIOCORD detonates at an approximate velocity of 7,500 m\/s.<\/p>\n<p>RIOCORD can (when used correctly) initiate packaged explosives and RIOBOOSTERs. RIOCORD can also be used to initiate non-electric detonators or with RIODELAY micro-delay relays.<\/p>\n<p>RIOCORD is manufactured in three series, approved for dust-hazardous environments, reinforced and standard.<\/p>\n<pre id=\"tw-target-text\" class=\"tw-data-text tw-text-large tw-ta\" dir=\"ltr\" data-placeholder=\"K\u00e4\u00e4nn\u00f6s\"><span class=\"Y2IQFc\" lang=\"sv\">Producer: MAXAM<\/span><\/pre>\n","protected":false},"featured_media":2234,"template":"","product_category":[211],"class_list":["post-2872","product","type-product","status-publish","has-post-thumbnail","hentry","product_category-detonating-cords"],"acf":[],"_links":{"self":[{"href":"https:\/\/forcitexplosives.no\/en\/wp-json\/wp\/v2\/product\/2872"}],"collection":[{"href":"https:\/\/forcitexplosives.no\/en\/wp-json\/wp\/v2\/product"}],"about":[{"href":"https:\/\/forcitexplosives.no\/en\/wp-json\/wp\/v2\/types\/product"}],"wp:featuredmedia":[{"embeddable":true,"href":"https:\/\/forcitexplosives.no\/en\/wp-json\/wp\/v2\/media\/2234"}],"wp:attachment":[{"href":"https:\/\/forcitexplosives.no\/en\/wp-json\/wp\/v2\/media?parent=2872"}],"wp:term":[{"taxonomy":"product_category","embeddable":true,"href":"https:\/\/forcitexplosives.no\/en\/wp-json\/wp\/v2\/product_category?post=2872"}],"curies":[{"name":"wp","href":"https:\/\/api.w.org\/{rel}","templated":true}]}}